{"id":41,"date":"2019-05-06T11:59:00","date_gmt":"2019-05-06T11:59:00","guid":{"rendered":"http:\/\/www.saperedigusto.com\/?page_id=41"},"modified":"2019-10-14T07:12:47","modified_gmt":"2019-10-14T07:12:47","slug":"chi-siamo_about","status":"publish","type":"page","link":"https:\/\/www.saperedigusto.com\/index.php\/chi-siamo_about\/","title":{"rendered":"Conosci il magazine | Knowing the magazine"},"content":{"rendered":"\n<blockquote class=\"wp-block-quote is-style-large\"><p>Sapere di Gusto | Il magazine online che unisce cucina, cultura, ispirazione, emozione<\/p><p>Sapere di Gusto | The online magazine that merge kitchen, culture, inspiration, emotion<\/p><\/blockquote>\n\n\n\n<figure class=\"wp-block-image is-resized\"><img decoding=\"async\" loading=\"lazy\" src=\"https:\/\/www.saperedigusto.com\/wp-content\/uploads\/2019\/05\/Bandiera-IT.png\" alt=\"\" class=\"wp-image-139\" width=\"48\" height=\"32\"\/><\/figure>\n\n\n\n<p>(<strong>See the English version below<\/strong>)<\/p>\n\n\n\n<p>Sapere di Gusto \u00e8 il magazine online fondato da <strong>Francesca Avetta<\/strong> e <strong>Francesco Cugliari<\/strong> dell&#8217;<a rel=\"noreferrer noopener\" aria-label=\"Associazone Culturale Dream Up (apre in una nuova scheda)\" href=\"https:\/\/www.facebook.com\/AssocazioneCulturaleDreamUp\/\" target=\"_blank\">Associazone Culturale Dream Up<\/a> &#8211; ideatori dell\u2019evento <a rel=\"noreferrer noopener\" aria-label=\"Degust\u00e9 - Dream Food (apre in una nuova scheda)\" href=\"https:\/\/www.deguste.it\/index.php\" target=\"_blank\">Degust\u00e9 &#8211; Dream Food<\/a> dedicato ai Maestri del Gusto di Torino e provincia &#8211; e da <strong>Paola Uberti<\/strong>, creatrice di <a rel=\"noreferrer noopener\" aria-label=\"LIBRICETTE.eu (apre in una nuova scheda)\" href=\"http:\/\/www.libricette.eu\" target=\"_blank\">LIBRICETTE.eu<\/a>, la prima libreria online di eBook di cucina, del food blog <a rel=\"noreferrer noopener\" aria-label=\"SLELLY  (apre in una nuova scheda)\" href=\"http:\/\/slelly.blogspot.com\" target=\"_blank\">SLELLY <\/a>e del sito <a rel=\"noreferrer noopener\" aria-label=\"SLELLYBOOKS.com (apre in una nuova scheda)\" href=\"http:\/\/www.slellybooks.com\" target=\"_blank\">SLELLYBOOKS.com<\/a>.<\/p>\n\n\n\n<p>In puro stile torinese -perch\u00e9 torinesi sono i suoi creatori- <strong>Sapere di Gusto<\/strong> \u00e8 nato in un caff\u00e8 ormai inscrivibile nel modernariato della citt\u00e0, proprio accanto alla chiesa della Gran Madre, in quel poetico &#8211; per alcuni esoterico &#8211; punto della citt\u00e0 in cui le rotondit\u00e0 della collina degradano con dolcezza e compostezza verso la liquida lucentezza del fiume Po, unendo, quindi, terra e acqua in uno spazio d\u2019aria che si apre, chiaro e ammaliante, sulla Piazza Vittorio.<br>&#8211; E il fuoco? -, vi starete chiedendo.<br>Il fuoco lo hanno portato in dono gli uni agli altri i fondatori di <strong>Sapere di Gusto<\/strong>, accomunati dalla passione e dal desiderio di materializzare &#8211; affascinante ossimoro parlando di un magazine online&#8230; &#8211; in parole e immagini le ispirazioni indotte da ci\u00f2 che, da operatori della comunicazione e degli eventi relativi a cibo e bevande, vedono, sentono, vivono ogni giorno. <\/p>\n\n\n\n<blockquote class=\"wp-block-quote is-style-default\"><p>Il <strong>3 ottobre 2019<\/strong> \u00e8 stato pubblicato il numero zero di <strong>Sapere di Gusto<\/strong>, grazie al quale il pubblico pu\u00f2 conoscere filosofia, mission e taglio editoriale.<\/p><\/blockquote>\n\n\n\n<figure class=\"wp-block-image\"><a href=\"https:\/\/www.saperedigusto.com\/Issue\/SAPERE-DI-GUSTO_Magazine_Nr-0_Ottobre-2019.pdf\" target=\"_blank\" rel=\"noreferrer noopener\"><img decoding=\"async\" loading=\"lazy\" width=\"1024\" height=\"512\" src=\"https:\/\/www.saperedigusto.com\/wp-content\/uploads\/2019\/10\/Titolo-1024x512.jpg\" alt=\"\" class=\"wp-image-268\" srcset=\"https:\/\/www.saperedigusto.com\/wp-content\/uploads\/2019\/10\/Titolo-1024x512.jpg 1024w, https:\/\/www.saperedigusto.com\/wp-content\/uploads\/2019\/10\/Titolo-300x150.jpg 300w, https:\/\/www.saperedigusto.com\/wp-content\/uploads\/2019\/10\/Titolo-768x384.jpg 768w\" sizes=\"(max-width: 1024px) 100vw, 1024px\" \/><\/a><\/figure>\n\n\n\n<p>La redazione ha creato i primi contenuti del magazine, orientati, come specifica il motto, a <strong>unire, fondere, mescolare, cucina, cultura, ispirazione ed emozione<\/strong>, per dare vita ad articoli e rubriche che parlino di enogastronomia in modo multi sensoriale, per conoscere i prodotti, i produttori, i territori, le storie e le emozioni che ruotano attorno a un tema tanto attuale quanto ancestrale, con ottica internazionale e con la voglia di osare una comunicazione che vada oltre la sola informazione e metta in gioco sentimenti e interiorit\u00e0 di chi la rivista la crea. <\/p>\n\n\n\n<p><strong>Sapere di Gusto<\/strong>, almeno inizialmente, sar\u00e0 un \u201crandomestrale\u201d e sar\u00e0 a diffusione gratuita: &#8211; <em>Usciremo con un nuovo numero quando potremo offrire qualcosa che, almeno secondo noi, sar\u00e0 interessante da leggere, guardare e interiorizzare<\/em> -, dichiarano Francesca, Francesco e Paola.<br>Il magazine sar\u00e0 esclusivamente digitale e vivr\u00e0, economicamente parlando, dell\u2019interazione commerciale con le aziende per le quali saranno studiati piani editoriali, articoli e rubriche su misura, con lo scopo di creare un tipo di pubblicit\u00e0 traducibile in <em>visibilit\u00e0 intellettualmente ed emotivamente partecipata<\/em>. <\/p>\n\n\n\n<p><strong>Sapere di Gusto<\/strong>, quindi, come l\u2019acqua del fiume Po e come la seducente forma delle colline torinesi che, in quanto terra viva seppur silente, non smettono mai di mutare, sar\u00e0 <strong>un magazine vivo<\/strong> che cambier\u00e0 ad ogni uscita, restando coerente con i suoi principi fondanti: mettere amore in ci\u00f2 che si fa e condividerlo con il maggior numero di persone possibile, per <strong>far incontrare mente, corpo e anima attraverso il cibo, la cucina e i loro protagonisti<\/strong>, dal grande produttore di eccellenza allo sconosciuto vicino di casa che fa un tiramis\u00f9 che levati di sotto. <\/p>\n\n\n\n<p>E se vi state chiedendo il perch\u00e9 del nome e della grafica del marchio, vi accontentiamo subito.<br>Il marchio <strong>Sapere di Gusto<\/strong> identifica il magazine online omonimo che tratta <strong>temi di enogastronomia, cucina, ricette e cultura correlata, attraverso la fusione ispirata tra discipline e ambiti creativi<\/strong>.<br>La grafica ha la funzione di fondere sobriet\u00e0, fruibilit\u00e0 e alto impatto visivo e, conseguentemente, emotivo, cos\u00ec come fanno il cibo buono, prodotto e trattato con devozione, rispetto e responsabilit\u00e0 e la diffusione di contenuti culturali improntata alla trasparenza, alla pluralit\u00e0 di fonti e di destinatari e al coinvolgimento dell\u2019interiorit\u00e0 di chi crea i contenuti stessi.<br>Il testo \u00e8 un gioco di parole che rimanda all\u2019importanza della cultura (sapere) enogastronomica (di gusto), per il piacere dell\u2019arricchimento personale e di un\u2019alimentazione consapevole, ma \u00e8 anche un rimando al fatto che sono gli alimenti e le bevande di alta qualit\u00e0 ad avere un gusto vero, autentico, ben determinato, unico e identificante, ovvero sanno di qualcosa (quante volte ancora ci stupiamo se una fragola sa davvero di fragola e non di acqua?).<br>Punta di diamante del marchio \u00e8 il pittogramma rosso rubino che rappresenta schematicamente un ravanello, ma anche una penna stilografica d\u2019antan, a ricordare che il magazine, fondamentalmente, seppur in maniera articolata, fonde cibo e scrittura.<\/p>\n\n\n\n<p>A tutti voi che avete letto la nostra storia, grazie e un augurio quotidiano per una vita ricca di <em>sapere <\/em>e di <em>gusto<\/em>.<\/p>\n\n\n\n<figure class=\"wp-block-image is-resized\"><img decoding=\"async\" loading=\"lazy\" src=\"https:\/\/www.saperedigusto.com\/wp-content\/uploads\/2019\/05\/Bandiera-GB.png\" alt=\"\" class=\"wp-image-141\" width=\"54\" height=\"36\"\/><\/figure>\n\n\n\n<p><strong>English version<\/strong><\/p>\n\n\n\n<p><strong>Sapere di Gusto<\/strong> is the online magazine founded by <strong>Francesca Avetta<\/strong> and <strong>Francesco Cugliari<\/strong> creators of  <a rel=\"noreferrer noopener\" href=\"https:\/\/www.facebook.com\/AssocazioneCulturaleDreamUp\/\" target=\"_blank\">Associazone Culturale Dream Up<\/a> and of the event <a rel=\"noreferrer noopener\" href=\"https:\/\/www.deguste.it\/index.php\" target=\"_blank\">Degust\u00e9 &#8211; Dream Food<\/a> dedicated to Maestri del Gusto di Torino e provincia, and by da <strong>Paola Uberti<\/strong>, foundress of <a rel=\"noreferrer noopener\" href=\"http:\/\/www.libricette.eu\" target=\"_blank\">LIBRICETTE.eu<\/a>, the first online library dedicated to cooking-eBooks, of the food blog <a rel=\"noreferrer noopener\" href=\"http:\/\/slelly.blogspot.com\" target=\"_blank\">SLELLY <\/a>e of the site <a rel=\"noreferrer noopener\" href=\"http:\/\/www.slellybooks.com\" target=\"_blank\">SLELLYBOOKS.com<\/a>. <\/p>\n\n\n\n<p>In pure Turin style &#8211; because from Turin are its creators &#8211; <strong>Sapere di Gusto <\/strong>was born in a cafe that belong to the modern antiques of the city, right next to the Gran Madre di Dio church, in that poetic -for some esoteric- point of the city where the roundness of the hill degrades with sweetness and composure towards the liquid shine of the Po river, joining earth and water in an air space that opens, clear and bewitching, on the Piazza Vittorio Veneto. &#8211; And the fire? -, you&#8217;re wondering. The fire is the gift that the founders of <strong>Sapere di Gusto<\/strong> brought to each other, united by the passion and the desire to materialize &#8211; fascinating oxymoron talking about an online magazine \u2026 &#8211; in words and images, the inspirations induced by what, as operators of communication and events related to food and drink, they see, hear, live every day. <\/p>\n\n\n\n<blockquote class=\"wp-block-quote is-style-default\"><p>From the day <strong>October 3th 2019<\/strong> the first issue &#8211; Number Zero &#8211; of <strong>Sapere di Gusto<\/strong>, is online. Thanks to it the readers may learn about the philosophy, the mission, and editorial sty<em>le<\/em> of the magazine.<\/p><\/blockquote>\n\n\n\n<figure class=\"wp-block-image\"><a href=\"https:\/\/www.saperedigusto.com\/Issue\/SAPERE-DI-GUSTO_Magazine_Nr-0_Ottobre-2019.pdf\" target=\"_blank\" rel=\"noreferrer noopener\"><img decoding=\"async\" loading=\"lazy\" width=\"1024\" height=\"512\" src=\"https:\/\/www.saperedigusto.com\/wp-content\/uploads\/2019\/10\/Titolo-1024x512.jpg\" alt=\"\" class=\"wp-image-268\" srcset=\"https:\/\/www.saperedigusto.com\/wp-content\/uploads\/2019\/10\/Titolo-1024x512.jpg 1024w, https:\/\/www.saperedigusto.com\/wp-content\/uploads\/2019\/10\/Titolo-300x150.jpg 300w, https:\/\/www.saperedigusto.com\/wp-content\/uploads\/2019\/10\/Titolo-768x384.jpg 768w\" sizes=\"(max-width: 1024px) 100vw, 1024px\" \/><\/a><\/figure>\n\n\n\n<p>The editorial staff, currently composed of the founders, has created the first contents of the magazine, oriented, as the motto specifies, to combine, merge, mix, cuisine, culture, inspiration, and emotion, to write articles and columns that speaks of food and wine in a multi-sensory way, to learn about the products, producers, territories, stories, and emotions that revolve around a theme that is as current as it is ancestral, with an international perspective and with the desire to dare a communication that goes beyond simply information and put into play feelings and interiorities of those who create the magazine.<\/p>\n\n\n\n<p><strong>Sapere di Gusto<\/strong>, at least initially, will be a &#8220;random issue&#8221; and will be for free: &#8211;<em>We will publish a new number when we will can offer something that, at least in our opinion, will be interesting to read, to watch and to interiorize<\/em>-, Francesca, Francesco and Paola declare .<br>The magazine will be exclusively digital and will live, economically speaking, of commercial interaction with companies, italian and foreign, for which editorial plans, articles and custom-made columns will be studied, with the aim of creating a type of advertising intellectually and emotionally shared.<\/p>\n\n\n\n<p><strong>Sapere di Gusto<\/strong>, therefore, like the water of the Po river and like the seductive shape of the Turin hills that never cease to change, will be a <strong>living magazine<\/strong> that will change with each issue, remaining consistent with its founding principles: putting love in it that is done and share it with as many people as possible, to merge together mind, body, and soul through food, cuisine and their protagonists, from the great producer of excellence to the  unknown  neighbor who makes a tiramisu that make you scream OMG!<\/p>\n\n\n\n<p>And if you&#8217;re wondering why the name and graphics of the brand, we&#8217;ll immediately satisfy you.<br> The <strong>Sapere di Gusto<\/strong> logo identifies the online magazine of the same name that deals with food and wine, cuisine, recipes, and related culture, through the inspired fusion of disciplines and creative fields.<\/p>\n\n\n\n<p>Graphics is aimed to merge sobriety, usability and high visual impact and, consequently, emotional, as do the good food, produced and treated with devotion, respect and responsibility and the sharing of cultural content marked by transparency, plurality of sources and of recipients, and to the involvement of the interiority of those who create the contents themselves.<\/p>\n\n\n\n<p>The text <strong>Sapere di Gusto<\/strong> (litterally <em>Knowledge of taste<\/em>) is a play on words that refers to the importance of food and wine (gusto &#8211; taste) culture (sapere &#8211; to know), for the pleasure of personal enrichment and conscious nutrition, but it is also a reference to the fact that only high in quality foods and drinks have a true, authentic, well-defined, unique and identifying taste (<em>gusto<\/em>); how many times do we still wonder if a strawberry really tastes of strawberry and not of water?<\/p>\n\n\n\n<p>The jewel in the crown of the brand is the ruby red pictogram that schematically represents a radish, but also an old fountain pen, to remember that the magazine, fundamentally, albeit in an articulated manner, blends food and writing.<\/p>\n\n\n\n<p>To all of you who have read our story, thanks and a daily wish for a life rich in <em>knowledge of  taste <\/em>or&#8230;Sapere di Gusto!<\/p>\n\n\n\n<p><strong>Francesca Avetta<br>Francesco Cugliari<br>Paola Uberti <\/strong><\/p>\n\n\n\n<p><\/p>\n","protected":false},"excerpt":{"rendered":"<p>Sapere di Gusto | Il magazine online che unisce cucina, cultura, ispirazione, emozione Sapere di Gusto | The online magazine that merge kitchen, culture, inspiration, emotion (See the English version below) Sapere di Gusto \u00e8 il magazine online fondato da Francesca Avetta e Francesco Cugliari&nbsp;<a class=\"read-more\" href=\"https:\/\/www.saperedigusto.com\/index.php\/chi-siamo_about\/\">&hellip;<\/a><\/p>\n","protected":false},"author":1,"featured_media":0,"parent":0,"menu_order":0,"comment_status":"closed","ping_status":"closed","template":"","meta":{"_links_to":"","_links_to_target":""},"yoast_head":"<!-- This site is optimized with the Yoast SEO plugin v21.1 - https:\/\/yoast.com\/wordpress\/plugins\/seo\/ -->\r\n<title>Conosci il magazine | Knowing the magazine - Sapere di Gusto<\/title>\r\n<meta name=\"robots\" content=\"index, follow, max-snippet:-1, max-image-preview:large, max-video-preview:-1\" \/>\r\n<link rel=\"canonical\" href=\"https:\/\/www.saperedigusto.com\/index.php\/chi-siamo_about\/\" \/>\r\n<meta property=\"og:locale\" content=\"it_IT\" \/>\r\n<meta property=\"og:type\" content=\"article\" \/>\r\n<meta property=\"og:title\" content=\"Conosci il magazine | Knowing the magazine - Sapere di Gusto\" \/>\r\n<meta property=\"og:description\" content=\"Sapere di Gusto | Il magazine online che unisce cucina, cultura, ispirazione, emozione Sapere di Gusto | The online magazine that merge kitchen, culture, inspiration, emotion (See the English version below) Sapere di Gusto \u00e8 il magazine online fondato da Francesca Avetta e Francesco Cugliari&nbsp;&hellip;\" \/>\r\n<meta property=\"og:url\" content=\"https:\/\/www.saperedigusto.com\/index.php\/chi-siamo_about\/\" \/>\r\n<meta property=\"og:site_name\" content=\"Sapere di Gusto\" \/>\r\n<meta property=\"article:modified_time\" content=\"2019-10-14T07:12:47+00:00\" \/>\r\n<meta property=\"og:image\" content=\"https:\/\/www.saperedigusto.com\/wp-content\/uploads\/2019\/05\/Bandiera-IT.png\" \/>\r\n<meta name=\"twitter:card\" content=\"summary_large_image\" \/>\r\n<meta name=\"twitter:label1\" content=\"Tempo di lettura stimato\" \/>\n\t<meta name=\"twitter:data1\" content=\"8 minuti\" \/>\r\n<script type=\"application\/ld+json\" class=\"yoast-schema-graph\">{\"@context\":\"https:\/\/schema.org\",\"@graph\":[{\"@type\":\"WebPage\",\"@id\":\"https:\/\/www.saperedigusto.com\/index.php\/chi-siamo_about\/\",\"url\":\"https:\/\/www.saperedigusto.com\/index.php\/chi-siamo_about\/\",\"name\":\"Conosci il magazine | Knowing the magazine - Sapere di Gusto\",\"isPartOf\":{\"@id\":\"https:\/\/www.saperedigusto.com\/#website\"},\"datePublished\":\"2019-05-06T11:59:00+00:00\",\"dateModified\":\"2019-10-14T07:12:47+00:00\",\"breadcrumb\":{\"@id\":\"https:\/\/www.saperedigusto.com\/index.php\/chi-siamo_about\/#breadcrumb\"},\"inLanguage\":\"it-IT\",\"potentialAction\":[{\"@type\":\"ReadAction\",\"target\":[\"https:\/\/www.saperedigusto.com\/index.php\/chi-siamo_about\/\"]}]},{\"@type\":\"BreadcrumbList\",\"@id\":\"https:\/\/www.saperedigusto.com\/index.php\/chi-siamo_about\/#breadcrumb\",\"itemListElement\":[{\"@type\":\"ListItem\",\"position\":1,\"name\":\"Home\",\"item\":\"https:\/\/www.saperedigusto.com\/\"},{\"@type\":\"ListItem\",\"position\":2,\"name\":\"Conosci il magazine | Knowing the magazine\"}]},{\"@type\":\"WebSite\",\"@id\":\"https:\/\/www.saperedigusto.com\/#website\",\"url\":\"https:\/\/www.saperedigusto.com\/\",\"name\":\"Sapere di Gusto\",\"description\":\"Il magazine online che unisce enogastronomia, cultura, ispirazione, emozione\",\"publisher\":{\"@id\":\"https:\/\/www.saperedigusto.com\/#organization\"},\"potentialAction\":[{\"@type\":\"SearchAction\",\"target\":{\"@type\":\"EntryPoint\",\"urlTemplate\":\"https:\/\/www.saperedigusto.com\/?s={search_term_string}\"},\"query-input\":\"required name=search_term_string\"}],\"inLanguage\":\"it-IT\"},{\"@type\":\"Organization\",\"@id\":\"https:\/\/www.saperedigusto.com\/#organization\",\"name\":\"Sapere di Gusto\",\"url\":\"https:\/\/www.saperedigusto.com\/\",\"logo\":{\"@type\":\"ImageObject\",\"inLanguage\":\"it-IT\",\"@id\":\"https:\/\/www.saperedigusto.com\/#\/schema\/logo\/image\/\",\"url\":\"https:\/\/www.saperedigusto.com\/wp-content\/uploads\/2019\/05\/cropped-Marchio-Or-HP-6.png\",\"contentUrl\":\"https:\/\/www.saperedigusto.com\/wp-content\/uploads\/2019\/05\/cropped-Marchio-Or-HP-6.png\",\"width\":526,\"height\":412,\"caption\":\"Sapere di Gusto\"},\"image\":{\"@id\":\"https:\/\/www.saperedigusto.com\/#\/schema\/logo\/image\/\"}}]}<\/script>\r\n<!-- \/ Yoast SEO plugin. -->","yoast_head_json":{"title":"Conosci il magazine | Knowing the magazine - Sapere di Gusto","robots":{"index":"index","follow":"follow","max-snippet":"max-snippet:-1","max-image-preview":"max-image-preview:large","max-video-preview":"max-video-preview:-1"},"canonical":"https:\/\/www.saperedigusto.com\/index.php\/chi-siamo_about\/","og_locale":"it_IT","og_type":"article","og_title":"Conosci il magazine | Knowing the magazine - Sapere di Gusto","og_description":"Sapere di Gusto | Il magazine online che unisce cucina, cultura, ispirazione, emozione Sapere di Gusto | The online magazine that merge kitchen, culture, inspiration, emotion (See the English version below) Sapere di Gusto \u00e8 il magazine online fondato da Francesca Avetta e Francesco Cugliari&nbsp;&hellip;","og_url":"https:\/\/www.saperedigusto.com\/index.php\/chi-siamo_about\/","og_site_name":"Sapere di Gusto","article_modified_time":"2019-10-14T07:12:47+00:00","og_image":[{"url":"https:\/\/www.saperedigusto.com\/wp-content\/uploads\/2019\/05\/Bandiera-IT.png"}],"twitter_card":"summary_large_image","twitter_misc":{"Tempo di lettura stimato":"8 minuti"},"schema":{"@context":"https:\/\/schema.org","@graph":[{"@type":"WebPage","@id":"https:\/\/www.saperedigusto.com\/index.php\/chi-siamo_about\/","url":"https:\/\/www.saperedigusto.com\/index.php\/chi-siamo_about\/","name":"Conosci il magazine | Knowing the magazine - Sapere di Gusto","isPartOf":{"@id":"https:\/\/www.saperedigusto.com\/#website"},"datePublished":"2019-05-06T11:59:00+00:00","dateModified":"2019-10-14T07:12:47+00:00","breadcrumb":{"@id":"https:\/\/www.saperedigusto.com\/index.php\/chi-siamo_about\/#breadcrumb"},"inLanguage":"it-IT","potentialAction":[{"@type":"ReadAction","target":["https:\/\/www.saperedigusto.com\/index.php\/chi-siamo_about\/"]}]},{"@type":"BreadcrumbList","@id":"https:\/\/www.saperedigusto.com\/index.php\/chi-siamo_about\/#breadcrumb","itemListElement":[{"@type":"ListItem","position":1,"name":"Home","item":"https:\/\/www.saperedigusto.com\/"},{"@type":"ListItem","position":2,"name":"Conosci il magazine | Knowing the magazine"}]},{"@type":"WebSite","@id":"https:\/\/www.saperedigusto.com\/#website","url":"https:\/\/www.saperedigusto.com\/","name":"Sapere di Gusto","description":"Il magazine online che unisce enogastronomia, cultura, ispirazione, emozione","publisher":{"@id":"https:\/\/www.saperedigusto.com\/#organization"},"potentialAction":[{"@type":"SearchAction","target":{"@type":"EntryPoint","urlTemplate":"https:\/\/www.saperedigusto.com\/?s={search_term_string}"},"query-input":"required name=search_term_string"}],"inLanguage":"it-IT"},{"@type":"Organization","@id":"https:\/\/www.saperedigusto.com\/#organization","name":"Sapere di Gusto","url":"https:\/\/www.saperedigusto.com\/","logo":{"@type":"ImageObject","inLanguage":"it-IT","@id":"https:\/\/www.saperedigusto.com\/#\/schema\/logo\/image\/","url":"https:\/\/www.saperedigusto.com\/wp-content\/uploads\/2019\/05\/cropped-Marchio-Or-HP-6.png","contentUrl":"https:\/\/www.saperedigusto.com\/wp-content\/uploads\/2019\/05\/cropped-Marchio-Or-HP-6.png","width":526,"height":412,"caption":"Sapere di Gusto"},"image":{"@id":"https:\/\/www.saperedigusto.com\/#\/schema\/logo\/image\/"}}]}},"_links":{"self":[{"href":"https:\/\/www.saperedigusto.com\/index.php\/wp-json\/wp\/v2\/pages\/41"}],"collection":[{"href":"https:\/\/www.saperedigusto.com\/index.php\/wp-json\/wp\/v2\/pages"}],"about":[{"href":"https:\/\/www.saperedigusto.com\/index.php\/wp-json\/wp\/v2\/types\/page"}],"author":[{"embeddable":true,"href":"https:\/\/www.saperedigusto.com\/index.php\/wp-json\/wp\/v2\/users\/1"}],"replies":[{"embeddable":true,"href":"https:\/\/www.saperedigusto.com\/index.php\/wp-json\/wp\/v2\/comments?post=41"}],"version-history":[{"count":28,"href":"https:\/\/www.saperedigusto.com\/index.php\/wp-json\/wp\/v2\/pages\/41\/revisions"}],"predecessor-version":[{"id":338,"href":"https:\/\/www.saperedigusto.com\/index.php\/wp-json\/wp\/v2\/pages\/41\/revisions\/338"}],"wp:attachment":[{"href":"https:\/\/www.saperedigusto.com\/index.php\/wp-json\/wp\/v2\/media?parent=41"}],"curies":[{"name":"wp","href":"https:\/\/api.w.org\/{rel}","templated":true}]}}